{"id":9795,"date":"2023-04-04T17:33:56","date_gmt":"2023-04-04T17:33:56","guid":{"rendered":"https:\/\/livezoku.com\/paris\/book\/"},"modified":"2025-01-13T14:13:57","modified_gmt":"2025-01-13T14:13:57","slug":"book","status":"publish","type":"page","link":"https:\/\/livezoku.com\/paris\/fr\/book\/","title":{"rendered":"R\u00e9server un s\u00e9jour &#8211; Zoku Paris"},"content":{"rendered":"","protected":false},"excerpt":{"rendered":"","protected":false},"author":11,"featured_media":9290,"parent":0,"menu_order":0,"comment_status":"closed","ping_status":"closed","template":"paris-metasearch-book-fix-page.php","meta":{"_acf_changed":false,"footnotes":""},"class_list":["post-9795","page","type-page","status-publish","has-post-thumbnail","hentry"],"acf":[],"yoast_head":"<!-- This site is optimized with the Yoast SEO plugin v26.8 - https:\/\/yoast.com\/product\/yoast-seo-wordpress\/ -->\n<title>S\u00e9jours Flexibles Chez Zoku Paris | D\u2019une Nuit \u00e0 Une Ann\u00e9e<\/title>\n<meta name=\"description\" content=\"S\u00e9journez dans un loft \u00e9l\u00e9gant avec acc\u00e8s \u00e0 un rooftop commun dans le 17\u1d49 arrondissement de Paris. R\u00e9servez chez Zoku d\u00e8s maintenant !\" \/>\n<meta name=\"robots\" content=\"index, follow, max-snippet:-1, max-image-preview:large, max-video-preview:-1\" \/>\n<link rel=\"canonical\" href=\"https:\/\/livezoku.com\/paris\/fr\/book\/\" \/>\n<meta property=\"og:locale\" content=\"fr_FR\" \/>\n<meta property=\"og:type\" content=\"article\" \/>\n<meta property=\"og:title\" content=\"S\u00e9jours Flexibles Chez Zoku Paris | D\u2019une Nuit \u00e0 Une Ann\u00e9e\" \/>\n<meta property=\"og:description\" content=\"S\u00e9journez dans un loft \u00e9l\u00e9gant avec acc\u00e8s \u00e0 un rooftop commun dans le 17\u1d49 arrondissement de Paris. R\u00e9servez chez Zoku d\u00e8s maintenant !\" \/>\n<meta property=\"og:url\" content=\"https:\/\/livezoku.com\/paris\/fr\/book\/\" \/>\n<meta property=\"og:site_name\" content=\"Paris\" \/>\n<meta property=\"article:publisher\" content=\"https:\/\/www.facebook.com\/livezoku\" \/>\n<meta property=\"article:modified_time\" content=\"2025-01-13T14:13:57+00:00\" \/>\n<meta property=\"og:image\" content=\"https:\/\/livezoku.com\/paris\/wp-content\/uploads\/sites\/4\/2023\/04\/Zoku-Paris-0017.jpg\" \/>\n\t<meta property=\"og:image:width\" content=\"1400\" \/>\n\t<meta property=\"og:image:height\" content=\"933\" \/>\n\t<meta property=\"og:image:type\" content=\"image\/jpeg\" \/>\n<meta name=\"twitter:card\" content=\"summary_large_image\" \/>\n<script type=\"application\/ld+json\" class=\"yoast-schema-graph\">{\"@context\":\"https:\/\/schema.org\",\"@graph\":[{\"@type\":\"WebPage\",\"@id\":\"https:\/\/livezoku.com\/paris\/fr\/book\/\",\"url\":\"https:\/\/livezoku.com\/paris\/fr\/book\/\",\"name\":\"S\u00e9jours Flexibles Chez Zoku Paris | D\u2019une Nuit \u00e0 Une Ann\u00e9e\",\"isPartOf\":{\"@id\":\"https:\/\/livezoku.com\/paris\/fr\/#website\"},\"primaryImageOfPage\":{\"@id\":\"https:\/\/livezoku.com\/paris\/fr\/book\/#primaryimage\"},\"image\":{\"@id\":\"https:\/\/livezoku.com\/paris\/fr\/book\/#primaryimage\"},\"thumbnailUrl\":\"https:\/\/livezoku.com\/paris\/wp-content\/uploads\/sites\/4\/2023\/04\/Zoku-Paris-0017.jpg\",\"datePublished\":\"2023-04-04T17:33:56+00:00\",\"dateModified\":\"2025-01-13T14:13:57+00:00\",\"description\":\"S\u00e9journez dans un loft \u00e9l\u00e9gant avec acc\u00e8s \u00e0 un rooftop commun dans le 17\u1d49 arrondissement de Paris. R\u00e9servez chez Zoku d\u00e8s maintenant !\",\"breadcrumb\":{\"@id\":\"https:\/\/livezoku.com\/paris\/fr\/book\/#breadcrumb\"},\"inLanguage\":\"fr-FR\",\"potentialAction\":[{\"@type\":\"ReadAction\",\"target\":[\"https:\/\/livezoku.com\/paris\/fr\/book\/\"]}]},{\"@type\":\"ImageObject\",\"inLanguage\":\"fr-FR\",\"@id\":\"https:\/\/livezoku.com\/paris\/fr\/book\/#primaryimage\",\"url\":\"https:\/\/livezoku.com\/paris\/wp-content\/uploads\/sites\/4\/2023\/04\/Zoku-Paris-0017.jpg\",\"contentUrl\":\"https:\/\/livezoku.com\/paris\/wp-content\/uploads\/sites\/4\/2023\/04\/Zoku-Paris-0017.jpg\",\"width\":1400,\"height\":933},{\"@type\":\"BreadcrumbList\",\"@id\":\"https:\/\/livezoku.com\/paris\/fr\/book\/#breadcrumb\",\"itemListElement\":[{\"@type\":\"ListItem\",\"position\":1,\"name\":\"Home\",\"item\":\"https:\/\/livezoku.com\/paris\/fr\/\"},{\"@type\":\"ListItem\",\"position\":2,\"name\":\"R\u00e9server un s\u00e9jour &#8211; Zoku Paris\"}]},{\"@type\":\"WebSite\",\"@id\":\"https:\/\/livezoku.com\/paris\/fr\/#website\",\"url\":\"https:\/\/livezoku.com\/paris\/fr\/\",\"name\":\"Zoku Paris\",\"description\":\"Zoku Paris\",\"publisher\":{\"@id\":\"https:\/\/livezoku.com\/paris\/fr\/#organization\"},\"potentialAction\":[{\"@type\":\"SearchAction\",\"target\":{\"@type\":\"EntryPoint\",\"urlTemplate\":\"https:\/\/livezoku.com\/paris\/fr\/?s={search_term_string}\"},\"query-input\":{\"@type\":\"PropertyValueSpecification\",\"valueRequired\":true,\"valueName\":\"search_term_string\"}}],\"inLanguage\":\"fr-FR\"},{\"@type\":\"Organization\",\"@id\":\"https:\/\/livezoku.com\/paris\/fr\/#organization\",\"name\":\"Zoku Paris\",\"alternateName\":\"Zoku PAR\",\"url\":\"https:\/\/livezoku.com\/paris\/fr\/\",\"logo\":{\"@type\":\"ImageObject\",\"inLanguage\":\"fr-FR\",\"@id\":\"https:\/\/livezoku.com\/paris\/fr\/#\/schema\/logo\/image\/\",\"url\":\"https:\/\/livezoku.com\/paris\/wp-content\/uploads\/sites\/4\/2022\/12\/zoku-logo-cropped-1.svg\",\"contentUrl\":\"https:\/\/livezoku.com\/paris\/wp-content\/uploads\/sites\/4\/2022\/12\/zoku-logo-cropped-1.svg\",\"width\":175,\"height\":27,\"caption\":\"Zoku Paris\"},\"image\":{\"@id\":\"https:\/\/livezoku.com\/paris\/fr\/#\/schema\/logo\/image\/\"},\"sameAs\":[\"https:\/\/www.facebook.com\/livezoku\",\"https:\/\/www.instagram.com\/zokuparis\/\"]}]}<\/script>\n<!-- \/ Yoast SEO plugin. -->","yoast_head_json":{"title":"S\u00e9jours Flexibles Chez Zoku Paris | D\u2019une Nuit \u00e0 Une Ann\u00e9e","description":"S\u00e9journez dans un loft \u00e9l\u00e9gant avec acc\u00e8s \u00e0 un rooftop commun dans le 17\u1d49 arrondissement de Paris. R\u00e9servez chez Zoku d\u00e8s maintenant !","robots":{"index":"index","follow":"follow","max-snippet":"max-snippet:-1","max-image-preview":"max-image-preview:large","max-video-preview":"max-video-preview:-1"},"canonical":"https:\/\/livezoku.com\/paris\/fr\/book\/","og_locale":"fr_FR","og_type":"article","og_title":"S\u00e9jours Flexibles Chez Zoku Paris | D\u2019une Nuit \u00e0 Une Ann\u00e9e","og_description":"S\u00e9journez dans un loft \u00e9l\u00e9gant avec acc\u00e8s \u00e0 un rooftop commun dans le 17\u1d49 arrondissement de Paris. R\u00e9servez chez Zoku d\u00e8s maintenant !","og_url":"https:\/\/livezoku.com\/paris\/fr\/book\/","og_site_name":"Paris","article_publisher":"https:\/\/www.facebook.com\/livezoku","article_modified_time":"2025-01-13T14:13:57+00:00","og_image":[{"width":1400,"height":933,"url":"https:\/\/livezoku.com\/paris\/wp-content\/uploads\/sites\/4\/2023\/04\/Zoku-Paris-0017.jpg","type":"image\/jpeg"}],"twitter_card":"summary_large_image","schema":{"@context":"https:\/\/schema.org","@graph":[{"@type":"WebPage","@id":"https:\/\/livezoku.com\/paris\/fr\/book\/","url":"https:\/\/livezoku.com\/paris\/fr\/book\/","name":"S\u00e9jours Flexibles Chez Zoku Paris | D\u2019une Nuit \u00e0 Une Ann\u00e9e","isPartOf":{"@id":"https:\/\/livezoku.com\/paris\/fr\/#website"},"primaryImageOfPage":{"@id":"https:\/\/livezoku.com\/paris\/fr\/book\/#primaryimage"},"image":{"@id":"https:\/\/livezoku.com\/paris\/fr\/book\/#primaryimage"},"thumbnailUrl":"https:\/\/livezoku.com\/paris\/wp-content\/uploads\/sites\/4\/2023\/04\/Zoku-Paris-0017.jpg","datePublished":"2023-04-04T17:33:56+00:00","dateModified":"2025-01-13T14:13:57+00:00","description":"S\u00e9journez dans un loft \u00e9l\u00e9gant avec acc\u00e8s \u00e0 un rooftop commun dans le 17\u1d49 arrondissement de Paris. R\u00e9servez chez Zoku d\u00e8s maintenant !","breadcrumb":{"@id":"https:\/\/livezoku.com\/paris\/fr\/book\/#breadcrumb"},"inLanguage":"fr-FR","potentialAction":[{"@type":"ReadAction","target":["https:\/\/livezoku.com\/paris\/fr\/book\/"]}]},{"@type":"ImageObject","inLanguage":"fr-FR","@id":"https:\/\/livezoku.com\/paris\/fr\/book\/#primaryimage","url":"https:\/\/livezoku.com\/paris\/wp-content\/uploads\/sites\/4\/2023\/04\/Zoku-Paris-0017.jpg","contentUrl":"https:\/\/livezoku.com\/paris\/wp-content\/uploads\/sites\/4\/2023\/04\/Zoku-Paris-0017.jpg","width":1400,"height":933},{"@type":"BreadcrumbList","@id":"https:\/\/livezoku.com\/paris\/fr\/book\/#breadcrumb","itemListElement":[{"@type":"ListItem","position":1,"name":"Home","item":"https:\/\/livezoku.com\/paris\/fr\/"},{"@type":"ListItem","position":2,"name":"R\u00e9server un s\u00e9jour &#8211; Zoku Paris"}]},{"@type":"WebSite","@id":"https:\/\/livezoku.com\/paris\/fr\/#website","url":"https:\/\/livezoku.com\/paris\/fr\/","name":"Zoku Paris","description":"Zoku Paris","publisher":{"@id":"https:\/\/livezoku.com\/paris\/fr\/#organization"},"potentialAction":[{"@type":"SearchAction","target":{"@type":"EntryPoint","urlTemplate":"https:\/\/livezoku.com\/paris\/fr\/?s={search_term_string}"},"query-input":{"@type":"PropertyValueSpecification","valueRequired":true,"valueName":"search_term_string"}}],"inLanguage":"fr-FR"},{"@type":"Organization","@id":"https:\/\/livezoku.com\/paris\/fr\/#organization","name":"Zoku Paris","alternateName":"Zoku PAR","url":"https:\/\/livezoku.com\/paris\/fr\/","logo":{"@type":"ImageObject","inLanguage":"fr-FR","@id":"https:\/\/livezoku.com\/paris\/fr\/#\/schema\/logo\/image\/","url":"https:\/\/livezoku.com\/paris\/wp-content\/uploads\/sites\/4\/2022\/12\/zoku-logo-cropped-1.svg","contentUrl":"https:\/\/livezoku.com\/paris\/wp-content\/uploads\/sites\/4\/2022\/12\/zoku-logo-cropped-1.svg","width":175,"height":27,"caption":"Zoku Paris"},"image":{"@id":"https:\/\/livezoku.com\/paris\/fr\/#\/schema\/logo\/image\/"},"sameAs":["https:\/\/www.facebook.com\/livezoku","https:\/\/www.instagram.com\/zokuparis\/"]}]}},"_links":{"self":[{"href":"https:\/\/livezoku.com\/paris\/fr\/wp-json\/wp\/v2\/pages\/9795","targetHints":{"allow":["GET"]}}],"collection":[{"href":"https:\/\/livezoku.com\/paris\/fr\/wp-json\/wp\/v2\/pages"}],"about":[{"href":"https:\/\/livezoku.com\/paris\/fr\/wp-json\/wp\/v2\/types\/page"}],"author":[{"embeddable":true,"href":"https:\/\/livezoku.com\/paris\/fr\/wp-json\/wp\/v2\/users\/11"}],"replies":[{"embeddable":true,"href":"https:\/\/livezoku.com\/paris\/fr\/wp-json\/wp\/v2\/comments?post=9795"}],"version-history":[{"count":0,"href":"https:\/\/livezoku.com\/paris\/fr\/wp-json\/wp\/v2\/pages\/9795\/revisions"}],"wp:featuredmedia":[{"embeddable":true,"href":"https:\/\/livezoku.com\/paris\/fr\/wp-json\/wp\/v2\/media\/9290"}],"wp:attachment":[{"href":"https:\/\/livezoku.com\/paris\/fr\/wp-json\/wp\/v2\/media?parent=9795"}],"curies":[{"name":"wp","href":"https:\/\/api.w.org\/{rel}","templated":true}]}}